{"id":130,"date":"2023-01-10T10:53:32","date_gmt":"2023-01-10T10:53:32","guid":{"rendered":"https:\/\/marinoacademy.com\/?page_id=130"},"modified":"2023-12-29T05:52:30","modified_gmt":"2023-12-29T05:52:30","slug":"academy","status":"publish","type":"page","link":"https:\/\/marinoacademy.com\/en\/academy\/","title":{"rendered":"Academy"},"content":{"rendered":"<div data-elementor-type=\"wp-page\" data-elementor-id=\"130\" class=\"elementor elementor-130\" data-elementor-post-type=\"page\">\n\t\t\t\t\t\t<section class=\"elementor-section elementor-top-section elementor-element elementor-element-a0bdbc9 elementor-section-height-min-height elementor-section-content-top elementor-section-boxed elementor-section-height-default elementor-section-items-middle elementor-invisible\" data-id=\"a0bdbc9\" data-element_type=\"section\" data-settings=\"{&quot;background_background&quot;:&quot;classic&quot;,&quot;animation&quot;:&quot;fadeInDown&quot;}\">\n\t\t\t\t\t\t\t<div class=\"elementor-background-overlay\"><\/div>\n\t\t\t\t\t\t\t<div class=\"elementor-container elementor-column-gap-default\">\n\t\t\t\t\t<div class=\"elementor-column elementor-col-100 elementor-top-column elementor-element elementor-element-249fb48f\" data-id=\"249fb48f\" data-element_type=\"column\">\n\t\t\t<div class=\"elementor-widget-wrap elementor-element-populated\">\n\t\t\t\t\t\t<div class=\"elementor-element elementor-element-555eccbb elementor-widget elementor-widget-heading\" data-id=\"555eccbb\" data-element_type=\"widget\" data-widget_type=\"heading.default\">\n\t\t\t\t<div class=\"elementor-widget-container\">\n\t\t\t\t\t<h1 class=\"elementor-heading-title elementor-size-default\">Marino Academy<\/h1>\t\t\t\t<\/div>\n\t\t\t\t<\/div>\n\t\t\t\t<div class=\"elementor-element elementor-element-61e0fb3 elementor-widget elementor-widget-text-editor\" data-id=\"61e0fb3\" data-element_type=\"widget\" data-widget_type=\"text-editor.default\">\n\t\t\t\t<div class=\"elementor-widget-container\">\n\t\t\t\t\t\t\t\t\t<p>Qui\u00e9nes somos ?<\/p>\t\t\t\t\t\t\t\t<\/div>\n\t\t\t\t<\/div>\n\t\t\t\t\t<\/div>\n\t\t<\/div>\n\t\t\t\t\t<\/div>\n\t\t<\/section>\n\t\t\t\t<section class=\"elementor-section elementor-top-section elementor-element elementor-element-69392872 elementor-section-boxed elementor-section-height-default elementor-section-height-default\" data-id=\"69392872\" data-element_type=\"section\" id=\"nosotros\">\n\t\t\t\t\t\t<div class=\"elementor-container elementor-column-gap-default\">\n\t\t\t\t\t<div class=\"elementor-column elementor-col-50 elementor-top-column elementor-element elementor-element-71db8be0 elementor-invisible\" data-id=\"71db8be0\" data-element_type=\"column\" data-settings=\"{&quot;background_background&quot;:&quot;classic&quot;,&quot;animation&quot;:&quot;fadeInUp&quot;}\">\n\t\t\t<div class=\"elementor-widget-wrap\">\n\t\t\t\t\t\t\t<\/div>\n\t\t<\/div>\n\t\t\t\t<div class=\"elementor-column elementor-col-50 elementor-top-column elementor-element elementor-element-1514612b\" data-id=\"1514612b\" data-element_type=\"column\">\n\t\t\t<div class=\"elementor-widget-wrap elementor-element-populated\">\n\t\t\t\t\t\t<div class=\"elementor-element elementor-element-db80e79 elementor-widget__width-auto elementor-invisible elementor-widget elementor-widget-heading\" data-id=\"db80e79\" data-element_type=\"widget\" data-settings=\"{&quot;_animation&quot;:&quot;fadeInLeft&quot;,&quot;_animation_delay&quot;:500}\" data-widget_type=\"heading.default\">\n\t\t\t\t<div class=\"elementor-widget-container\">\n\t\t\t\t\t<h2 class=\"elementor-heading-title elementor-size-default\">Qui\u00e9nes somos<\/h2>\t\t\t\t<\/div>\n\t\t\t\t<\/div>\n\t\t\t\t<div class=\"elementor-element elementor-element-5751f0fb elementor-invisible elementor-widget elementor-widget-text-editor\" data-id=\"5751f0fb\" data-element_type=\"widget\" data-settings=\"{&quot;_animation&quot;:&quot;fadeInUp&quot;,&quot;_animation_delay&quot;:500}\" data-widget_type=\"text-editor.default\">\n\t\t\t\t<div class=\"elementor-widget-container\">\n\t\t\t\t\t\t\t\t\t<p>En Marino Academy contemplamos a las personas de manera integral.<\/p><p>We know that each person who enters Marino Academy is unique. And we treat them in the way they deserve. We analyze their needs and goals, and apply the best and most specific training tools we have at our disposal.<\/p><p>No somos nada modernos: \u201cmens sana in corpore sano\u201d dice una frase latina. En este concepto global de la persona, sabemos que las metas nunca se logran desde un \u00fanico punto de actuaci\u00f3n. Debemos actuar de la manera m\u00e1s concreta y sostenible en el aspecto f\u00edsico, mejorando la salud y el rendimiento.\u00a0 Y la parte mental, normalmente abandonada, le damos la importancia que tiene. Nuestra visi\u00f3n hol\u00edstica de la persona hace que nuestros entrenadores aporten ese soporte y conocimiento en el aspecto formativo \u00fanico que le ayudar\u00e1 a mejorar la calidad de vida, a empoderarse, a tener h\u00e1bitos m\u00e1s saludables y a cambiar su vida.<\/p>\t\t\t\t\t\t\t\t<\/div>\n\t\t\t\t<\/div>\n\t\t\t\t<section class=\"elementor-section elementor-inner-section elementor-element elementor-element-218e712a elementor-section-boxed elementor-section-height-default elementor-section-height-default\" data-id=\"218e712a\" data-element_type=\"section\">\n\t\t\t\t\t\t<div class=\"elementor-container elementor-column-gap-default\">\n\t\t\t\t\t<div class=\"elementor-column elementor-col-50 elementor-inner-column elementor-element elementor-element-7ff4d178\" data-id=\"7ff4d178\" data-element_type=\"column\">\n\t\t\t<div class=\"elementor-widget-wrap elementor-element-populated\">\n\t\t\t\t\t\t<div class=\"elementor-element elementor-element-d7a6194 elementor-widget elementor-widget-text-editor\" data-id=\"d7a6194\" data-element_type=\"widget\" data-widget_type=\"text-editor.default\">\n\t\t\t\t<div class=\"elementor-widget-container\">\n\t\t\t\t\t\t\t\t\t<p style=\"text-align: left;\">Nuestro aspecto diferenciador es el trabajo en equipo, con perfiles distintos de nuestros formadores y t\u00e9cnicos. Eso es clave para conseguir ese detalle de especificidad en todos los entrenamientos y terapias utilizadas, que ayudar\u00e1 a alcanzar el m\u00e1ximo potencial de cada persona.<\/p>\t\t\t\t\t\t\t\t<\/div>\n\t\t\t\t<\/div>\n\t\t\t\t\t<\/div>\n\t\t<\/div>\n\t\t\t\t<div class=\"elementor-column elementor-col-50 elementor-inner-column elementor-element elementor-element-1d008d59\" data-id=\"1d008d59\" data-element_type=\"column\">\n\t\t\t<div class=\"elementor-widget-wrap elementor-element-populated\">\n\t\t\t\t\t\t<div class=\"elementor-element elementor-element-411eefa elementor-widget elementor-widget-text-editor\" data-id=\"411eefa\" data-element_type=\"widget\" data-widget_type=\"text-editor.default\">\n\t\t\t\t<div class=\"elementor-widget-container\">\n\t\t\t\t\t\t\t\t\t<p style=\"text-align: left;\">El entrenamiento no es s\u00f3lo hacer ejercicio. Debes hacer el mejor ejercicio para ti, el m\u00e1s eficiente, el que te ayude a rebajar tus niveles de estr\u00e9s y a ser mejor en tu d\u00eda a d\u00eda. Ese es nuestro objetivo. Fomentamos la educaci\u00f3n integral acompa\u00f1\u00e1ndote en el camino hacia tus objetivos.<\/p>\t\t\t\t\t\t\t\t<\/div>\n\t\t\t\t<\/div>\n\t\t\t\t\t<\/div>\n\t\t<\/div>\n\t\t\t\t\t<\/div>\n\t\t<\/section>\n\t\t\t\t<section class=\"elementor-section elementor-inner-section elementor-element elementor-element-271fca37 elementor-section-boxed elementor-section-height-default elementor-section-height-default\" data-id=\"271fca37\" data-element_type=\"section\">\n\t\t\t\t\t\t<div class=\"elementor-container elementor-column-gap-default\">\n\t\t\t\t\t<div class=\"elementor-column elementor-col-100 elementor-inner-column elementor-element elementor-element-113d214\" data-id=\"113d214\" data-element_type=\"column\">\n\t\t\t<div class=\"elementor-widget-wrap\">\n\t\t\t\t\t\t\t<\/div>\n\t\t<\/div>\n\t\t\t\t\t<\/div>\n\t\t<\/section>\n\t\t\t\t<div class=\"elementor-element elementor-element-512dc61c elementor-widget__width-auto elementor-absolute elementor-invisible elementor-widget elementor-widget-image\" data-id=\"512dc61c\" data-element_type=\"widget\" data-settings=\"{&quot;_position&quot;:&quot;absolute&quot;,&quot;_animation&quot;:&quot;slideInLeft&quot;,&quot;_animation_delay&quot;:1000}\" data-widget_type=\"image.default\">\n\t\t\t\t<div class=\"elementor-widget-container\">\n\t\t\t\t\t\t\t\t\t\t\t\t\t\t\t<img decoding=\"async\" src=\"https:\/\/marinoacademy.com\/wp-content\/uploads\/elementor\/thumbs\/blue-bg-q0ge75cw1s4pem9sv9mwab6ssjzvd7w5u2hsl2f06w.jpg\" title=\"blue-bg\" alt=\"blue-bg\" loading=\"lazy\" \/>\t\t\t\t\t\t\t\t\t\t\t\t\t\t\t<\/div>\n\t\t\t\t<\/div>\n\t\t\t\t\t<\/div>\n\t\t<\/div>\n\t\t\t\t\t<\/div>\n\t\t<\/section>\n\t\t\t\t<\/div>","protected":false},"excerpt":{"rendered":"<p>Marino Academy Qui\u00e9nes somos ? Qui\u00e9nes somos En Marino Academy contemplamos a las personas de manera integral. Sabemos que cada persona que entra a Marino Academy es \u00fanica. Y la tratamos de la manera que se merece. Analizamos sus necesidades y objetivos, y aplicamos las mejores y m\u00e1s espec\u00edficas herramientas de entrenamiento que tenemos a [&hellip;]<\/p>","protected":false},"author":1,"featured_media":0,"parent":0,"menu_order":0,"comment_status":"closed","ping_status":"closed","template":"","meta":{"footnotes":""},"class_list":["post-130","page","type-page","status-publish","hentry"],"yoast_head":"<!-- This site is optimized with the Yoast SEO Premium plugin v20.1 (Yoast SEO v25.3) - https:\/\/yoast.com\/wordpress\/plugins\/seo\/ -->\n<title>Academy - Marino Academy<\/title>\n<meta name=\"robots\" content=\"index, follow, max-snippet:-1, max-image-preview:large, max-video-preview:-1\" \/>\n<link rel=\"canonical\" href=\"https:\/\/marinoacademy.com\/en\/academy\/\" \/>\n<meta property=\"og:locale\" content=\"en_GB\" \/>\n<meta property=\"og:type\" content=\"article\" \/>\n<meta property=\"og:title\" content=\"Academy - Marino Academy\" \/>\n<meta property=\"og:description\" content=\"Marino Academy Qui\u00e9nes somos ? Qui\u00e9nes somos En Marino Academy contemplamos a las personas de manera integral. Sabemos que cada persona que entra a Marino Academy es \u00fanica. Y la tratamos de la manera que se merece. Analizamos sus necesidades y objetivos, y aplicamos las mejores y m\u00e1s espec\u00edficas herramientas de entrenamiento que tenemos a [&hellip;]\" \/>\n<meta property=\"og:url\" content=\"https:\/\/marinoacademy.com\/en\/academy\/\" \/>\n<meta property=\"og:site_name\" content=\"Marino Academy\" \/>\n<meta property=\"article:publisher\" content=\"https:\/\/www.facebook.com\/MarinoAcademyOficial\" \/>\n<meta property=\"article:modified_time\" content=\"2023-12-29T05:52:30+00:00\" \/>\n<meta property=\"og:image\" content=\"https:\/\/marinoacademy.com\/wp-content\/uploads\/elementor\/thumbs\/blue-bg-q0ge75cw1s4pem9sv9mwab6ssjzvd7w5u2hsl2f06w.jpg\" \/>\n<meta name=\"twitter:card\" content=\"summary_large_image\" \/>\n<meta name=\"twitter:label1\" content=\"Estimated reading time\" \/>\n\t<meta name=\"twitter:data1\" content=\"2 minutes\" \/>\n<script type=\"application\/ld+json\" class=\"yoast-schema-graph\">{\"@context\":\"https:\/\/schema.org\",\"@graph\":[{\"@type\":\"WebPage\",\"@id\":\"https:\/\/marinoacademy.com\/academy\/\",\"url\":\"https:\/\/marinoacademy.com\/academy\/\",\"name\":\"Academy - Marino Academy\",\"isPartOf\":{\"@id\":\"https:\/\/marinoacademy.com\/#website\"},\"primaryImageOfPage\":{\"@id\":\"https:\/\/marinoacademy.com\/academy\/#primaryimage\"},\"image\":{\"@id\":\"https:\/\/marinoacademy.com\/academy\/#primaryimage\"},\"thumbnailUrl\":\"https:\/\/marinoacademy.com\/wp-content\/uploads\/elementor\/thumbs\/blue-bg-q0ge75cw1s4pem9sv9mwab6ssjzvd7w5u2hsl2f06w.jpg\",\"datePublished\":\"2023-01-10T10:53:32+00:00\",\"dateModified\":\"2023-12-29T05:52:30+00:00\",\"breadcrumb\":{\"@id\":\"https:\/\/marinoacademy.com\/academy\/#breadcrumb\"},\"inLanguage\":\"en-GB\",\"potentialAction\":[{\"@type\":\"ReadAction\",\"target\":[\"https:\/\/marinoacademy.com\/academy\/\"]}]},{\"@type\":\"ImageObject\",\"inLanguage\":\"en-GB\",\"@id\":\"https:\/\/marinoacademy.com\/academy\/#primaryimage\",\"url\":\"https:\/\/marinoacademy.com\/wp-content\/uploads\/elementor\/thumbs\/blue-bg-q0ge75cw1s4pem9sv9mwab6ssjzvd7w5u2hsl2f06w.jpg\",\"contentUrl\":\"https:\/\/marinoacademy.com\/wp-content\/uploads\/elementor\/thumbs\/blue-bg-q0ge75cw1s4pem9sv9mwab6ssjzvd7w5u2hsl2f06w.jpg\"},{\"@type\":\"BreadcrumbList\",\"@id\":\"https:\/\/marinoacademy.com\/academy\/#breadcrumb\",\"itemListElement\":[{\"@type\":\"ListItem\",\"position\":1,\"name\":\"Home\",\"item\":\"https:\/\/marinoacademy.com\/\"},{\"@type\":\"ListItem\",\"position\":2,\"name\":\"Academy\"}]},{\"@type\":\"WebSite\",\"@id\":\"https:\/\/marinoacademy.com\/#website\",\"url\":\"https:\/\/marinoacademy.com\/\",\"name\":\"Marino Academy\",\"description\":\"MarinoAcademy\",\"publisher\":{\"@id\":\"https:\/\/marinoacademy.com\/#organization\"},\"alternateName\":\"MarinoAcademy\",\"potentialAction\":[{\"@type\":\"SearchAction\",\"target\":{\"@type\":\"EntryPoint\",\"urlTemplate\":\"https:\/\/marinoacademy.com\/?s={search_term_string}\"},\"query-input\":{\"@type\":\"PropertyValueSpecification\",\"valueRequired\":true,\"valueName\":\"search_term_string\"}}],\"inLanguage\":\"en-GB\"},{\"@type\":\"Organization\",\"@id\":\"https:\/\/marinoacademy.com\/#organization\",\"name\":\"Marino Academy\",\"url\":\"https:\/\/marinoacademy.com\/\",\"logo\":{\"@type\":\"ImageObject\",\"inLanguage\":\"en-GB\",\"@id\":\"https:\/\/marinoacademy.com\/#\/schema\/logo\/image\/\",\"url\":\"https:\/\/marinoacademy.com\/wp-content\/uploads\/2024\/03\/cropped-academia-logo-LOS-CRISTIANOS-PLAYA-DE-LAS-AMERICAS.png\",\"contentUrl\":\"https:\/\/marinoacademy.com\/wp-content\/uploads\/2024\/03\/cropped-academia-logo-LOS-CRISTIANOS-PLAYA-DE-LAS-AMERICAS.png\",\"width\":1277,\"height\":1277,\"caption\":\"Marino Academy\"},\"image\":{\"@id\":\"https:\/\/marinoacademy.com\/#\/schema\/logo\/image\/\"},\"sameAs\":[\"https:\/\/www.facebook.com\/MarinoAcademyOficial\",\"https:\/\/www.instagram.com\/marinoacademyoficial\/\"]}]}<\/script>\n<!-- \/ Yoast SEO Premium plugin. -->","yoast_head_json":{"title":"Academy - Marino Academy","robots":{"index":"index","follow":"follow","max-snippet":"max-snippet:-1","max-image-preview":"max-image-preview:large","max-video-preview":"max-video-preview:-1"},"canonical":"https:\/\/marinoacademy.com\/en\/academy\/","og_locale":"en_GB","og_type":"article","og_title":"Academy - Marino Academy","og_description":"Marino Academy Qui\u00e9nes somos ? Qui\u00e9nes somos En Marino Academy contemplamos a las personas de manera integral. Sabemos que cada persona que entra a Marino Academy es \u00fanica. Y la tratamos de la manera que se merece. Analizamos sus necesidades y objetivos, y aplicamos las mejores y m\u00e1s espec\u00edficas herramientas de entrenamiento que tenemos a [&hellip;]","og_url":"https:\/\/marinoacademy.com\/en\/academy\/","og_site_name":"Marino Academy","article_publisher":"https:\/\/www.facebook.com\/MarinoAcademyOficial","article_modified_time":"2023-12-29T05:52:30+00:00","og_image":[{"url":"https:\/\/marinoacademy.com\/wp-content\/uploads\/elementor\/thumbs\/blue-bg-q0ge75cw1s4pem9sv9mwab6ssjzvd7w5u2hsl2f06w.jpg","type":"","width":"","height":""}],"twitter_card":"summary_large_image","twitter_misc":{"Estimated reading time":"2 minutes"},"schema":{"@context":"https:\/\/schema.org","@graph":[{"@type":"WebPage","@id":"https:\/\/marinoacademy.com\/academy\/","url":"https:\/\/marinoacademy.com\/academy\/","name":"Academy - Marino Academy","isPartOf":{"@id":"https:\/\/marinoacademy.com\/#website"},"primaryImageOfPage":{"@id":"https:\/\/marinoacademy.com\/academy\/#primaryimage"},"image":{"@id":"https:\/\/marinoacademy.com\/academy\/#primaryimage"},"thumbnailUrl":"https:\/\/marinoacademy.com\/wp-content\/uploads\/elementor\/thumbs\/blue-bg-q0ge75cw1s4pem9sv9mwab6ssjzvd7w5u2hsl2f06w.jpg","datePublished":"2023-01-10T10:53:32+00:00","dateModified":"2023-12-29T05:52:30+00:00","breadcrumb":{"@id":"https:\/\/marinoacademy.com\/academy\/#breadcrumb"},"inLanguage":"en-GB","potentialAction":[{"@type":"ReadAction","target":["https:\/\/marinoacademy.com\/academy\/"]}]},{"@type":"ImageObject","inLanguage":"en-GB","@id":"https:\/\/marinoacademy.com\/academy\/#primaryimage","url":"https:\/\/marinoacademy.com\/wp-content\/uploads\/elementor\/thumbs\/blue-bg-q0ge75cw1s4pem9sv9mwab6ssjzvd7w5u2hsl2f06w.jpg","contentUrl":"https:\/\/marinoacademy.com\/wp-content\/uploads\/elementor\/thumbs\/blue-bg-q0ge75cw1s4pem9sv9mwab6ssjzvd7w5u2hsl2f06w.jpg"},{"@type":"BreadcrumbList","@id":"https:\/\/marinoacademy.com\/academy\/#breadcrumb","itemListElement":[{"@type":"ListItem","position":1,"name":"Home","item":"https:\/\/marinoacademy.com\/"},{"@type":"ListItem","position":2,"name":"Academy"}]},{"@type":"WebSite","@id":"https:\/\/marinoacademy.com\/#website","url":"https:\/\/marinoacademy.com\/","name":"Marino Academy","description":"MarinoAcademy","publisher":{"@id":"https:\/\/marinoacademy.com\/#organization"},"alternateName":"MarinoAcademy","potentialAction":[{"@type":"SearchAction","target":{"@type":"EntryPoint","urlTemplate":"https:\/\/marinoacademy.com\/?s={search_term_string}"},"query-input":{"@type":"PropertyValueSpecification","valueRequired":true,"valueName":"search_term_string"}}],"inLanguage":"en-GB"},{"@type":"Organization","@id":"https:\/\/marinoacademy.com\/#organization","name":"Marino Academy","url":"https:\/\/marinoacademy.com\/","logo":{"@type":"ImageObject","inLanguage":"en-GB","@id":"https:\/\/marinoacademy.com\/#\/schema\/logo\/image\/","url":"https:\/\/marinoacademy.com\/wp-content\/uploads\/2024\/03\/cropped-academia-logo-LOS-CRISTIANOS-PLAYA-DE-LAS-AMERICAS.png","contentUrl":"https:\/\/marinoacademy.com\/wp-content\/uploads\/2024\/03\/cropped-academia-logo-LOS-CRISTIANOS-PLAYA-DE-LAS-AMERICAS.png","width":1277,"height":1277,"caption":"Marino Academy"},"image":{"@id":"https:\/\/marinoacademy.com\/#\/schema\/logo\/image\/"},"sameAs":["https:\/\/www.facebook.com\/MarinoAcademyOficial","https:\/\/www.instagram.com\/marinoacademyoficial\/"]}]}},"_links":{"self":[{"href":"https:\/\/marinoacademy.com\/en\/wp-json\/wp\/v2\/pages\/130","targetHints":{"allow":["GET"]}}],"collection":[{"href":"https:\/\/marinoacademy.com\/en\/wp-json\/wp\/v2\/pages"}],"about":[{"href":"https:\/\/marinoacademy.com\/en\/wp-json\/wp\/v2\/types\/page"}],"author":[{"embeddable":true,"href":"https:\/\/marinoacademy.com\/en\/wp-json\/wp\/v2\/users\/1"}],"replies":[{"embeddable":true,"href":"https:\/\/marinoacademy.com\/en\/wp-json\/wp\/v2\/comments?post=130"}],"version-history":[{"count":73,"href":"https:\/\/marinoacademy.com\/en\/wp-json\/wp\/v2\/pages\/130\/revisions"}],"predecessor-version":[{"id":1485,"href":"https:\/\/marinoacademy.com\/en\/wp-json\/wp\/v2\/pages\/130\/revisions\/1485"}],"wp:attachment":[{"href":"https:\/\/marinoacademy.com\/en\/wp-json\/wp\/v2\/media?parent=130"}],"curies":[{"name":"wp","href":"https:\/\/api.w.org\/{rel}","templated":true}]}}