{"id":1253,"date":"2023-08-04T09:25:22","date_gmt":"2023-08-04T09:25:22","guid":{"rendered":"https:\/\/marinoacademy.com\/?page_id=1253"},"modified":"2023-10-30T10:50:37","modified_gmt":"2023-10-30T10:50:37","slug":"campus-de-navidad-marino-academy","status":"publish","type":"page","link":"https:\/\/marinoacademy.com\/en\/campus-de-navidad-marino-academy\/","title":{"rendered":"Campus de Navidad Marino Academy"},"content":{"rendered":"<div data-elementor-type=\"wp-page\" data-elementor-id=\"1253\" class=\"elementor elementor-1253\" data-elementor-post-type=\"page\">\n\t\t\t\t\t\t<section class=\"elementor-section elementor-top-section elementor-element elementor-element-0bac0d3 elementor-section-boxed elementor-section-height-default elementor-section-height-default\" data-id=\"0bac0d3\" data-element_type=\"section\">\n\t\t\t\t\t\t<div class=\"elementor-container elementor-column-gap-default\">\n\t\t\t\t\t<div class=\"elementor-column elementor-col-100 elementor-top-column elementor-element elementor-element-f51fc8a\" data-id=\"f51fc8a\" data-element_type=\"column\">\n\t\t\t<div class=\"elementor-widget-wrap elementor-element-populated\">\n\t\t\t\t\t\t<div class=\"elementor-element elementor-element-87ffe91 elementor-widget elementor-widget-heading\" data-id=\"87ffe91\" data-element_type=\"widget\" data-widget_type=\"heading.default\">\n\t\t\t\t<div class=\"elementor-widget-container\">\n\t\t\t\t\t<h1 class=\"elementor-heading-title elementor-size-default\">Campus de Navidad Marino Academy<\/h1>\t\t\t\t<\/div>\n\t\t\t\t<\/div>\n\t\t\t\t\t<\/div>\n\t\t<\/div>\n\t\t\t\t\t<\/div>\n\t\t<\/section>\n\t\t\t\t<section class=\"elementor-section elementor-top-section elementor-element elementor-element-012ee62 elementor-section-boxed elementor-section-height-default elementor-section-height-default\" data-id=\"012ee62\" data-element_type=\"section\">\n\t\t\t\t\t\t<div class=\"elementor-container elementor-column-gap-default\">\n\t\t\t\t\t<div class=\"elementor-column elementor-col-100 elementor-top-column elementor-element elementor-element-e878856\" data-id=\"e878856\" data-element_type=\"column\">\n\t\t\t<div class=\"elementor-widget-wrap\">\n\t\t\t\t\t\t\t<\/div>\n\t\t<\/div>\n\t\t\t\t\t<\/div>\n\t\t<\/section>\n\t\t\t\t<section class=\"elementor-section elementor-top-section elementor-element elementor-element-e1cecd3 elementor-section-boxed elementor-section-height-default elementor-section-height-default\" data-id=\"e1cecd3\" data-element_type=\"section\">\n\t\t\t\t\t\t<div class=\"elementor-container elementor-column-gap-default\">\n\t\t\t\t\t<div class=\"elementor-column elementor-col-50 elementor-top-column elementor-element elementor-element-c1b4fdf\" data-id=\"c1b4fdf\" data-element_type=\"column\">\n\t\t\t<div class=\"elementor-widget-wrap elementor-element-populated\">\n\t\t\t\t\t\t<div class=\"elementor-element elementor-element-7f2a723 elementor-widget elementor-widget-shortcode\" data-id=\"7f2a723\" data-element_type=\"widget\" data-widget_type=\"shortcode.default\">\n\t\t\t\t<div class=\"elementor-widget-container\">\n\t\t\t\t\t\t\t<div class=\"elementor-shortcode\">\n<div class=\"wpcf7 no-js\" id=\"wpcf7-f1320-o1\" lang=\"es-ES\" dir=\"ltr\" data-wpcf7-id=\"1320\">\n<div class=\"screen-reader-response\"><p role=\"status\" aria-live=\"polite\" aria-atomic=\"true\"><\/p> <ul><\/ul><\/div>\n<form action=\"\/en\/wp-json\/wp\/v2\/pages\/1253#wpcf7-f1320-o1\" method=\"post\" class=\"wpcf7-form init\" aria-label=\"Formulario de contacto\" novalidate=\"novalidate\" data-status=\"init\" data-trp-original-action=\"\/en\/wp-json\/wp\/v2\/pages\/1253#wpcf7-f1320-o1\">\n<div style=\"display: none;\">\n<input type=\"hidden\" name=\"_wpcf7\" value=\"1320\" \/>\n<input type=\"hidden\" name=\"_wpcf7_version\" value=\"6.0.6\" \/>\n<input type=\"hidden\" name=\"_wpcf7_locale\" value=\"es_ES\" \/>\n<input type=\"hidden\" name=\"_wpcf7_unit_tag\" value=\"wpcf7-f1320-o1\" \/>\n<input type=\"hidden\" name=\"_wpcf7_container_post\" value=\"0\" \/>\n<input type=\"hidden\" name=\"_wpcf7_posted_data_hash\" value=\"\" \/>\n<\/div>\n<p><label> Jugador: <span class=\"wpcf7-form-control-wrap\" data-name=\"jugador\"><input size=\"40\" maxlength=\"400\" class=\"wpcf7-form-control wpcf7-text wpcf7-validates-as-required\" aria-required=\"true\" aria-invalid=\"false\" value=\"\" type=\"text\" name=\"jugador\" \/><\/span> <\/label><br \/>\n<label> Apellidos: <span class=\"wpcf7-form-control-wrap\" data-name=\"apellidos\"><input size=\"40\" maxlength=\"400\" class=\"wpcf7-form-control wpcf7-text wpcf7-validates-as-required\" aria-required=\"true\" aria-invalid=\"false\" value=\"\" type=\"text\" name=\"apellidos\" \/><\/span> <\/label><br \/>\n<label> Fecha de nacimiento: <span class=\"wpcf7-form-control-wrap\" data-name=\"fechaNacimiento\"><input class=\"wpcf7-form-control wpcf7-date wpcf7-validates-as-required wpcf7-validates-as-date\" aria-required=\"true\" aria-invalid=\"false\" value=\"\" type=\"date\" name=\"fechaNacimiento\" \/><\/span> <\/label><br \/>\n<label> DNI\/NIE: <span class=\"wpcf7-form-control-wrap\" data-name=\"dni\"><input size=\"40\" maxlength=\"400\" class=\"wpcf7-form-control wpcf7-text wpcf7-validates-as-required\" aria-required=\"true\" aria-invalid=\"false\" value=\"\" type=\"text\" name=\"dni\" \/><\/span> <\/label><br \/>\n<label> Municipio Residencia: <span class=\"wpcf7-form-control-wrap\" data-name=\"municipioResidencia\"><input size=\"40\" maxlength=\"400\" class=\"wpcf7-form-control wpcf7-text wpcf7-validates-as-required\" aria-required=\"true\" aria-invalid=\"false\" value=\"\" type=\"text\" name=\"municipioResidencia\" \/><\/span> <\/label><br \/>\n<label> Nacionalidad: <span class=\"wpcf7-form-control-wrap\" data-name=\"nacionalidad\"><input size=\"40\" maxlength=\"400\" class=\"wpcf7-form-control wpcf7-text wpcf7-validates-as-required\" aria-required=\"true\" aria-invalid=\"false\" value=\"\" type=\"text\" name=\"nacionalidad\" \/><\/span> <\/label><br \/>\n<label> Club en el que juega actualmente: <span class=\"wpcf7-form-control-wrap\" data-name=\"clubActual\"><input size=\"40\" maxlength=\"400\" class=\"wpcf7-form-control wpcf7-text wpcf7-validates-as-required\" aria-required=\"true\" aria-invalid=\"false\" value=\"\" type=\"text\" name=\"clubActual\" \/><\/span> <\/label><br \/>\n<label> Nombre Padre\/Madre\/Tutor: <span class=\"wpcf7-form-control-wrap\" data-name=\"nombrePadreMadreTutor\"><input size=\"40\" maxlength=\"400\" class=\"wpcf7-form-control wpcf7-text wpcf7-validates-as-required\" aria-required=\"true\" aria-invalid=\"false\" value=\"\" type=\"text\" name=\"nombrePadreMadreTutor\" \/><\/span> <\/label><br \/>\n<label> Apellidos Padre\/Madre\/Tutor: <span class=\"wpcf7-form-control-wrap\" data-name=\"apellidosPadreMadreTutor\"><input size=\"40\" maxlength=\"400\" class=\"wpcf7-form-control wpcf7-text wpcf7-validates-as-required\" aria-required=\"true\" aria-invalid=\"false\" value=\"\" type=\"text\" name=\"apellidosPadreMadreTutor\" \/><\/span> <\/label><br \/>\n<label> Municipio Residencia Padre\/Madre\/Tutor: <span class=\"wpcf7-form-control-wrap\" data-name=\"municipioResidenciaPadreMadreTutor\"><input size=\"40\" maxlength=\"400\" class=\"wpcf7-form-control wpcf7-text wpcf7-validates-as-required\" aria-required=\"true\" aria-invalid=\"false\" value=\"\" type=\"text\" name=\"municipioResidenciaPadreMadreTutor\" \/><\/span> <\/label><br \/>\n<label> DNI\/NIE Padre\/Madre\/Tutor: <span class=\"wpcf7-form-control-wrap\" data-name=\"dniPadreMadreTutor\"><input size=\"40\" maxlength=\"400\" class=\"wpcf7-form-control wpcf7-text wpcf7-validates-as-required\" aria-required=\"true\" aria-invalid=\"false\" value=\"\" type=\"text\" name=\"dniPadreMadreTutor\" \/><\/span> <\/label><br \/>\n<label> Nacionalidad Padre\/Madre\/Tutor: <span class=\"wpcf7-form-control-wrap\" data-name=\"nacionalidadPadreMadreTutor\"><input size=\"40\" maxlength=\"400\" class=\"wpcf7-form-control wpcf7-text wpcf7-validates-as-required\" aria-required=\"true\" aria-invalid=\"false\" value=\"\" type=\"text\" name=\"nacionalidadPadreMadreTutor\" \/><\/span> <\/label><br \/>\n<label> Tel\u00e9fono Madre: <span class=\"wpcf7-form-control-wrap\" data-name=\"telefonoMadre\"><input size=\"40\" maxlength=\"400\" class=\"wpcf7-form-control wpcf7-tel wpcf7-validates-as-required wpcf7-text wpcf7-validates-as-tel\" aria-required=\"true\" aria-invalid=\"false\" value=\"\" type=\"tel\" name=\"telefonoMadre\" \/><\/span> <\/label><br \/>\n<label> Tel\u00e9fono Padre: <span class=\"wpcf7-form-control-wrap\" data-name=\"telefonoPadre\"><input size=\"40\" maxlength=\"400\" class=\"wpcf7-form-control wpcf7-tel wpcf7-validates-as-required wpcf7-text wpcf7-validates-as-tel\" aria-required=\"true\" aria-invalid=\"false\" value=\"\" type=\"tel\" name=\"telefonoPadre\" \/><\/span> <\/label><br \/>\n<label> Otros Tel\u00e9fonos: <span class=\"wpcf7-form-control-wrap\" data-name=\"otrosTelefonos\"><input size=\"40\" maxlength=\"400\" class=\"wpcf7-form-control wpcf7-tel wpcf7-text wpcf7-validates-as-tel\" aria-invalid=\"false\" value=\"\" type=\"tel\" name=\"otrosTelefonos\" \/><\/span> <\/label><br \/>\n<label> Correo electr\u00f3nico (En la plataforma de pago debe proporcionar el mismo correo para comprobar la compra): <span class=\"wpcf7-form-control-wrap\" data-name=\"correoElectronico\"><input size=\"40\" maxlength=\"400\" class=\"wpcf7-form-control wpcf7-email wpcf7-validates-as-required wpcf7-text wpcf7-validates-as-email\" aria-required=\"true\" aria-invalid=\"false\" value=\"\" type=\"email\" name=\"correoElectronico\" \/><\/span> <\/label><br \/>\n<label> 1\u00ba Semana del 26 al 29 Diciembre: <span class=\"wpcf7-form-control-wrap\" data-name=\"semana1\"><span class=\"wpcf7-form-control wpcf7-checkbox\"><span class=\"wpcf7-list-item first last\"><input type=\"checkbox\" name=\"semana1[]\" value=\"\" \/><span class=\"wpcf7-list-item-label\"><\/span><\/span><\/span><\/span> <\/label><br \/>\n<label> 2\u00ba Semana del 2 al 5 Enero: <span class=\"wpcf7-form-control-wrap\" data-name=\"semana2\"><span class=\"wpcf7-form-control wpcf7-checkbox\"><span class=\"wpcf7-list-item first last\"><input type=\"checkbox\" name=\"semana2[]\" value=\"\" \/><span class=\"wpcf7-list-item-label\"><\/span><\/span><\/span><\/span> <\/label><br \/>\n<label> Observaciones: <span class=\"wpcf7-form-control-wrap\" data-name=\"observaciones\"><textarea cols=\"40\" rows=\"10\" maxlength=\"2000\" class=\"wpcf7-form-control wpcf7-textarea\" aria-invalid=\"false\" name=\"observaciones\"><\/textarea><\/span> <\/label><br \/>\n<label> Patolog\u00edas o enfermedades: <span class=\"wpcf7-form-control-wrap\" data-name=\"patologias\"><textarea cols=\"40\" rows=\"10\" maxlength=\"2000\" class=\"wpcf7-form-control wpcf7-textarea\" aria-invalid=\"false\" name=\"patologias\"><\/textarea><\/span> <\/label><br \/>\n<label> Persona autorizada 1: <span class=\"wpcf7-form-control-wrap\" data-name=\"personaAutorizada1\"><input size=\"40\" maxlength=\"400\" class=\"wpcf7-form-control wpcf7-text\" aria-invalid=\"false\" value=\"\" type=\"text\" name=\"personaAutorizada1\" \/><\/span> <\/label><br \/>\n<label> Persona autorizada 2: <span class=\"wpcf7-form-control-wrap\" data-name=\"personaAutorizada2\"><input size=\"40\" maxlength=\"400\" class=\"wpcf7-form-control wpcf7-text\" aria-invalid=\"false\" value=\"\" type=\"text\" name=\"personaAutorizada2\" \/><\/span> <\/label><br \/>\n<label> Persona autorizada 3: <span class=\"wpcf7-form-control-wrap\" data-name=\"personaAutorizada3\"><input size=\"40\" maxlength=\"400\" class=\"wpcf7-form-control wpcf7-text\" aria-invalid=\"false\" value=\"\" type=\"text\" name=\"personaAutorizada3\" \/><\/span> <\/label><br \/>\n<div class=\"dscf7_signature\">\n\t\t\t<div class=\"dscf7_signature_inner\">\n\t\t\t\t<canvas id=\"digital_signature-pad_Firma\" name=\"Firma\" class=\"digital_signature-pad\" color=\"#2416a0\" backcolor=\"#dddddd\" width=\"300\" height=\"200\"><\/canvas>\n\t\t\t\t<input class=\"clearButton\" type=\"button\" value=\"+\">\n\t\t\t<\/div>\n\t\t\t<span class=\"wpcf7-form-control-wrap Firma\">\n\t\t\t\t<input class=\"wpcf7-form-control wpcf7-signature wpcf7-validates-as-requiredwpcf7-validates-as-signature Firmadscf7-signature\" value=\"\" type=\"hidden\" name=\"Firma\"\/>\n\t\t\t\t<input type=\"hidden\" name=\"Firma-attachment\" class=\"wpcf7_input_Firma_attachment\"\/>\n\t\t\t\t<input type=\"hidden\" name=\"Firma-inline\" class=\"wpcf7_input_Firma_inline\"\/>\n\t\t\t<\/span>\n\t\t<\/div><br \/>\n<input class=\"wpcf7-form-control wpcf7-submit has-spinner\" type=\"submit\" value=\"Enviar Solicitud\" \/>\n<\/p><div class=\"wpcf7-response-output\" aria-hidden=\"true\"><\/div>\n<input type=\"hidden\" name=\"trp-form-language\" value=\"en\"\/><\/form>\n<\/div>\n<\/div>\n\t\t\t\t\t\t<\/div>\n\t\t\t\t<\/div>\n\t\t\t\t\t<\/div>\n\t\t<\/div>\n\t\t\t\t<div class=\"elementor-column elementor-col-50 elementor-top-column elementor-element elementor-element-9446a2b\" data-id=\"9446a2b\" data-element_type=\"column\">\n\t\t\t<div class=\"elementor-widget-wrap elementor-element-populated\">\n\t\t\t\t\t\t\t<\/div>\n\t\t<\/div>\n\t\t\t\t\t<\/div>\n\t\t<\/section>\n\t\t\t\t<section class=\"elementor-section elementor-top-section elementor-element elementor-element-f419512 elementor-section-boxed elementor-section-height-default elementor-section-height-default\" data-id=\"f419512\" data-element_type=\"section\">\n\t\t\t\t\t\t<div class=\"elementor-container elementor-column-gap-default\">\n\t\t\t\t\t<div class=\"elementor-column elementor-col-100 elementor-top-column elementor-element elementor-element-a64768d\" data-id=\"a64768d\" data-element_type=\"column\">\n\t\t\t<div class=\"elementor-widget-wrap\">\n\t\t\t\t\t\t\t<\/div>\n\t\t<\/div>\n\t\t\t\t\t<\/div>\n\t\t<\/section>\n\t\t\t\t<section class=\"elementor-section elementor-top-section elementor-element elementor-element-db678e2 elementor-section-boxed elementor-section-height-default elementor-section-height-default\" data-id=\"db678e2\" data-element_type=\"section\">\n\t\t\t\t\t\t<div class=\"elementor-container elementor-column-gap-default\">\n\t\t\t\t\t<div class=\"elementor-column elementor-col-100 elementor-top-column elementor-element elementor-element-b28526c\" data-id=\"b28526c\" data-element_type=\"column\">\n\t\t\t<div class=\"elementor-widget-wrap\">\n\t\t\t\t\t\t\t<\/div>\n\t\t<\/div>\n\t\t\t\t\t<\/div>\n\t\t<\/section>\n\t\t\t\t<\/div>","protected":false},"excerpt":{"rendered":"<p>\u00danete a nuestro Campus de Navidad y disfruta de torneos y visitas de profesionales del deporte. \u00a1Inscripciones abiertas ahora en Marino Academy!<\/p>","protected":false},"author":1,"featured_media":1436,"parent":0,"menu_order":0,"comment_status":"closed","ping_status":"closed","template":"","meta":{"footnotes":""},"class_list":["post-1253","page","type-page","status-publish","has-post-thumbnail","hentry"],"yoast_head":"<!-- This site is optimized with the Yoast SEO Premium plugin v20.1 (Yoast SEO v25.3) - https:\/\/yoast.com\/wordpress\/plugins\/seo\/ -->\n<title>Campus de Navidad Marino Academy - Marino Academy<\/title>\n<meta name=\"description\" content=\"Vive una experiencia \u00fanica en el Campus de Navidad. Torneos y visitas de profesionales en Marino Academy.\" \/>\n<meta name=\"robots\" content=\"index, follow, max-snippet:-1, max-image-preview:large, max-video-preview:-1\" \/>\n<link rel=\"canonical\" href=\"https:\/\/marinoacademy.com\/en\/campus-de-navidad-marino-academy\/\" \/>\n<meta property=\"og:locale\" content=\"en_GB\" \/>\n<meta property=\"og:type\" content=\"article\" \/>\n<meta property=\"og:title\" content=\"Campus de Navidad Marino Academy - Marino Academy\" \/>\n<meta property=\"og:description\" content=\"\ud83c\udf84 \u00a1Las inscripciones para el Campus de Navidad en Marino Academy est\u00e1n abiertas! Torneos y sorpresas te esperan. \u00a1Descubre m\u00e1s y \u00fanete a la diversi\u00f3n! \ud83c\udfc6\" \/>\n<meta property=\"og:url\" content=\"https:\/\/marinoacademy.com\/en\/campus-de-navidad-marino-academy\/\" \/>\n<meta property=\"og:site_name\" content=\"Marino Academy\" \/>\n<meta property=\"article:publisher\" content=\"https:\/\/www.facebook.com\/MarinoAcademyOficial\" \/>\n<meta property=\"article:modified_time\" content=\"2023-10-30T10:50:37+00:00\" \/>\n<meta property=\"og:image\" content=\"https:\/\/marinoacademy.com\/wp-content\/uploads\/2023\/10\/Campus-Navidad-Marino.jpg\" \/>\n\t<meta property=\"og:image:width\" content=\"1080\" \/>\n\t<meta property=\"og:image:height\" content=\"1350\" \/>\n\t<meta property=\"og:image:type\" content=\"image\/jpeg\" \/>\n<meta name=\"twitter:card\" content=\"summary_large_image\" \/>\n<meta name=\"twitter:description\" content=\"\u00a1Celebra con deporte y diversi\u00f3n! \ud83c\udf89 \u00danete al Campus de Navidad en Marino Academy. Torneos y m\u00e1s. #CampusNavidad\" \/>\n<meta name=\"twitter:label1\" content=\"Estimated reading time\" \/>\n\t<meta name=\"twitter:data1\" content=\"1 minute\" \/>\n<script type=\"application\/ld+json\" class=\"yoast-schema-graph\">{\"@context\":\"https:\/\/schema.org\",\"@graph\":[{\"@type\":\"WebPage\",\"@id\":\"https:\/\/marinoacademy.com\/campus-de-navidad-marino-academy\/\",\"url\":\"https:\/\/marinoacademy.com\/campus-de-navidad-marino-academy\/\",\"name\":\"Campus de Navidad Marino Academy - Marino Academy\",\"isPartOf\":{\"@id\":\"https:\/\/marinoacademy.com\/#website\"},\"primaryImageOfPage\":{\"@id\":\"https:\/\/marinoacademy.com\/campus-de-navidad-marino-academy\/#primaryimage\"},\"image\":{\"@id\":\"https:\/\/marinoacademy.com\/campus-de-navidad-marino-academy\/#primaryimage\"},\"thumbnailUrl\":\"https:\/\/marinoacademy.com\/wp-content\/uploads\/2023\/10\/Campus-Navidad-Marino.jpg\",\"datePublished\":\"2023-08-04T09:25:22+00:00\",\"dateModified\":\"2023-10-30T10:50:37+00:00\",\"description\":\"Vive una experiencia \u00fanica en el Campus de Navidad. Torneos y visitas de profesionales en Marino Academy.\",\"breadcrumb\":{\"@id\":\"https:\/\/marinoacademy.com\/campus-de-navidad-marino-academy\/#breadcrumb\"},\"inLanguage\":\"en-GB\",\"potentialAction\":[{\"@type\":\"ReadAction\",\"target\":[\"https:\/\/marinoacademy.com\/campus-de-navidad-marino-academy\/\"]}]},{\"@type\":\"ImageObject\",\"inLanguage\":\"en-GB\",\"@id\":\"https:\/\/marinoacademy.com\/campus-de-navidad-marino-academy\/#primaryimage\",\"url\":\"https:\/\/marinoacademy.com\/wp-content\/uploads\/2023\/10\/Campus-Navidad-Marino.jpg\",\"contentUrl\":\"https:\/\/marinoacademy.com\/wp-content\/uploads\/2023\/10\/Campus-Navidad-Marino.jpg\",\"width\":1080,\"height\":1350,\"caption\":\"campus para ni\u00f1os navidades arona\"},{\"@type\":\"BreadcrumbList\",\"@id\":\"https:\/\/marinoacademy.com\/campus-de-navidad-marino-academy\/#breadcrumb\",\"itemListElement\":[{\"@type\":\"ListItem\",\"position\":1,\"name\":\"Home\",\"item\":\"https:\/\/marinoacademy.com\/\"},{\"@type\":\"ListItem\",\"position\":2,\"name\":\"Campus de Navidad Marino Academy\"}]},{\"@type\":\"WebSite\",\"@id\":\"https:\/\/marinoacademy.com\/#website\",\"url\":\"https:\/\/marinoacademy.com\/\",\"name\":\"Marino Academy\",\"description\":\"MarinoAcademy\",\"publisher\":{\"@id\":\"https:\/\/marinoacademy.com\/#organization\"},\"alternateName\":\"MarinoAcademy\",\"potentialAction\":[{\"@type\":\"SearchAction\",\"target\":{\"@type\":\"EntryPoint\",\"urlTemplate\":\"https:\/\/marinoacademy.com\/?s={search_term_string}\"},\"query-input\":{\"@type\":\"PropertyValueSpecification\",\"valueRequired\":true,\"valueName\":\"search_term_string\"}}],\"inLanguage\":\"en-GB\"},{\"@type\":\"Organization\",\"@id\":\"https:\/\/marinoacademy.com\/#organization\",\"name\":\"Marino Academy\",\"url\":\"https:\/\/marinoacademy.com\/\",\"logo\":{\"@type\":\"ImageObject\",\"inLanguage\":\"en-GB\",\"@id\":\"https:\/\/marinoacademy.com\/#\/schema\/logo\/image\/\",\"url\":\"https:\/\/marinoacademy.com\/wp-content\/uploads\/2024\/03\/cropped-academia-logo-LOS-CRISTIANOS-PLAYA-DE-LAS-AMERICAS.png\",\"contentUrl\":\"https:\/\/marinoacademy.com\/wp-content\/uploads\/2024\/03\/cropped-academia-logo-LOS-CRISTIANOS-PLAYA-DE-LAS-AMERICAS.png\",\"width\":1277,\"height\":1277,\"caption\":\"Marino Academy\"},\"image\":{\"@id\":\"https:\/\/marinoacademy.com\/#\/schema\/logo\/image\/\"},\"sameAs\":[\"https:\/\/www.facebook.com\/MarinoAcademyOficial\",\"https:\/\/www.instagram.com\/marinoacademyoficial\/\"]}]}<\/script>\n<!-- \/ Yoast SEO Premium plugin. -->","yoast_head_json":{"title":"Campus de Navidad Marino Academy - Marino Academy","description":"Vive una experiencia \u00fanica en el Campus de Navidad. Torneos y visitas de profesionales en Marino Academy.","robots":{"index":"index","follow":"follow","max-snippet":"max-snippet:-1","max-image-preview":"max-image-preview:large","max-video-preview":"max-video-preview:-1"},"canonical":"https:\/\/marinoacademy.com\/en\/campus-de-navidad-marino-academy\/","og_locale":"en_GB","og_type":"article","og_title":"Campus de Navidad Marino Academy - Marino Academy","og_description":"\ud83c\udf84 \u00a1Las inscripciones para el Campus de Navidad en Marino Academy est\u00e1n abiertas! Torneos y sorpresas te esperan. \u00a1Descubre m\u00e1s y \u00fanete a la diversi\u00f3n! \ud83c\udfc6","og_url":"https:\/\/marinoacademy.com\/en\/campus-de-navidad-marino-academy\/","og_site_name":"Marino Academy","article_publisher":"https:\/\/www.facebook.com\/MarinoAcademyOficial","article_modified_time":"2023-10-30T10:50:37+00:00","og_image":[{"width":1080,"height":1350,"url":"https:\/\/marinoacademy.com\/wp-content\/uploads\/2023\/10\/Campus-Navidad-Marino.jpg","type":"image\/jpeg"}],"twitter_card":"summary_large_image","twitter_description":"\u00a1Celebra con deporte y diversi\u00f3n! \ud83c\udf89 \u00danete al Campus de Navidad en Marino Academy. Torneos y m\u00e1s. #CampusNavidad","twitter_misc":{"Estimated reading time":"1 minute"},"schema":{"@context":"https:\/\/schema.org","@graph":[{"@type":"WebPage","@id":"https:\/\/marinoacademy.com\/campus-de-navidad-marino-academy\/","url":"https:\/\/marinoacademy.com\/campus-de-navidad-marino-academy\/","name":"Campus de Navidad Marino Academy - Marino Academy","isPartOf":{"@id":"https:\/\/marinoacademy.com\/#website"},"primaryImageOfPage":{"@id":"https:\/\/marinoacademy.com\/campus-de-navidad-marino-academy\/#primaryimage"},"image":{"@id":"https:\/\/marinoacademy.com\/campus-de-navidad-marino-academy\/#primaryimage"},"thumbnailUrl":"https:\/\/marinoacademy.com\/wp-content\/uploads\/2023\/10\/Campus-Navidad-Marino.jpg","datePublished":"2023-08-04T09:25:22+00:00","dateModified":"2023-10-30T10:50:37+00:00","description":"Vive una experiencia \u00fanica en el Campus de Navidad. Torneos y visitas de profesionales en Marino Academy.","breadcrumb":{"@id":"https:\/\/marinoacademy.com\/campus-de-navidad-marino-academy\/#breadcrumb"},"inLanguage":"en-GB","potentialAction":[{"@type":"ReadAction","target":["https:\/\/marinoacademy.com\/campus-de-navidad-marino-academy\/"]}]},{"@type":"ImageObject","inLanguage":"en-GB","@id":"https:\/\/marinoacademy.com\/campus-de-navidad-marino-academy\/#primaryimage","url":"https:\/\/marinoacademy.com\/wp-content\/uploads\/2023\/10\/Campus-Navidad-Marino.jpg","contentUrl":"https:\/\/marinoacademy.com\/wp-content\/uploads\/2023\/10\/Campus-Navidad-Marino.jpg","width":1080,"height":1350,"caption":"campus para ni\u00f1os navidades arona"},{"@type":"BreadcrumbList","@id":"https:\/\/marinoacademy.com\/campus-de-navidad-marino-academy\/#breadcrumb","itemListElement":[{"@type":"ListItem","position":1,"name":"Home","item":"https:\/\/marinoacademy.com\/"},{"@type":"ListItem","position":2,"name":"Campus de Navidad Marino Academy"}]},{"@type":"WebSite","@id":"https:\/\/marinoacademy.com\/#website","url":"https:\/\/marinoacademy.com\/","name":"Marino Academy","description":"MarinoAcademy","publisher":{"@id":"https:\/\/marinoacademy.com\/#organization"},"alternateName":"MarinoAcademy","potentialAction":[{"@type":"SearchAction","target":{"@type":"EntryPoint","urlTemplate":"https:\/\/marinoacademy.com\/?s={search_term_string}"},"query-input":{"@type":"PropertyValueSpecification","valueRequired":true,"valueName":"search_term_string"}}],"inLanguage":"en-GB"},{"@type":"Organization","@id":"https:\/\/marinoacademy.com\/#organization","name":"Marino Academy","url":"https:\/\/marinoacademy.com\/","logo":{"@type":"ImageObject","inLanguage":"en-GB","@id":"https:\/\/marinoacademy.com\/#\/schema\/logo\/image\/","url":"https:\/\/marinoacademy.com\/wp-content\/uploads\/2024\/03\/cropped-academia-logo-LOS-CRISTIANOS-PLAYA-DE-LAS-AMERICAS.png","contentUrl":"https:\/\/marinoacademy.com\/wp-content\/uploads\/2024\/03\/cropped-academia-logo-LOS-CRISTIANOS-PLAYA-DE-LAS-AMERICAS.png","width":1277,"height":1277,"caption":"Marino Academy"},"image":{"@id":"https:\/\/marinoacademy.com\/#\/schema\/logo\/image\/"},"sameAs":["https:\/\/www.facebook.com\/MarinoAcademyOficial","https:\/\/www.instagram.com\/marinoacademyoficial\/"]}]}},"_links":{"self":[{"href":"https:\/\/marinoacademy.com\/en\/wp-json\/wp\/v2\/pages\/1253","targetHints":{"allow":["GET"]}}],"collection":[{"href":"https:\/\/marinoacademy.com\/en\/wp-json\/wp\/v2\/pages"}],"about":[{"href":"https:\/\/marinoacademy.com\/en\/wp-json\/wp\/v2\/types\/page"}],"author":[{"embeddable":true,"href":"https:\/\/marinoacademy.com\/en\/wp-json\/wp\/v2\/users\/1"}],"replies":[{"embeddable":true,"href":"https:\/\/marinoacademy.com\/en\/wp-json\/wp\/v2\/comments?post=1253"}],"version-history":[{"count":37,"href":"https:\/\/marinoacademy.com\/en\/wp-json\/wp\/v2\/pages\/1253\/revisions"}],"predecessor-version":[{"id":1481,"href":"https:\/\/marinoacademy.com\/en\/wp-json\/wp\/v2\/pages\/1253\/revisions\/1481"}],"wp:featuredmedia":[{"embeddable":true,"href":"https:\/\/marinoacademy.com\/en\/wp-json\/wp\/v2\/media\/1436"}],"wp:attachment":[{"href":"https:\/\/marinoacademy.com\/en\/wp-json\/wp\/v2\/media?parent=1253"}],"curies":[{"name":"wp","href":"https:\/\/api.w.org\/{rel}","templated":true}]}}